{"id":68,"date":"2019-09-05T19:18:23","date_gmt":"2019-09-05T17:18:23","guid":{"rendered":"http:\/\/m-zed.com\/z01\/?page_id=68"},"modified":"2024-01-12T22:47:17","modified_gmt":"2024-01-12T21:47:17","slug":"contactz","status":"publish","type":"page","link":"https:\/\/m-zed.com\/z01\/contactz\/","title":{"rendered":"Contactz"},"content":{"rendered":"\n<style type=\"text\/css\" data-created_by=\"avia_inline_auto\" id=\"style-css-av-5vg60-93b885e7953d87d53ac8474638747be9\">\n.flex_column.av-5vg60-93b885e7953d87d53ac8474638747be9{\nborder-radius:0px 0px 0px 0px;\npadding:0px 0px 0px 0px;\n}\n<\/style>\n<div  class='flex_column av-5vg60-93b885e7953d87d53ac8474638747be9 av_one_fourth  avia-builder-el-0  el_before_av_one_half  avia-builder-el-first  first flex_column_div av-zero-column-padding  '     ><section  class='av_textblock_section av-kacwm4a0-258e61ae535eccfb167d69f93534d3a6 '   itemscope=\"itemscope\" itemtype=\"https:\/\/schema.org\/CreativeWork\" ><div class='avia_textblock'  itemprop=\"text\" ><p>Une question ? Un message?<\/p>\n<p>C&rsquo;est ici.<\/p>\n<p>A tr\u00e8s vite !<\/p>\n<\/div><\/section><\/div>\n\n<style type=\"text\/css\" data-created_by=\"avia_inline_auto\" id=\"style-css-av-5366s-d43165fea9e7439b6189bcb38c85af42\">\n.flex_column.av-5366s-d43165fea9e7439b6189bcb38c85af42{\nborder-radius:0px 0px 0px 0px;\npadding:0px 0px 0px 0px;\n}\n<\/style>\n<div  class='flex_column av-5366s-d43165fea9e7439b6189bcb38c85af42 av_one_half  avia-builder-el-2  el_after_av_one_fourth  el_before_av_one_fourth  flex_column_div av-zero-column-padding  '     ><form action=\"https:\/\/m-zed.com\/z01\/contactz\/\" method=\"post\" data-fields-with-error=\"Erreurs trouv\u00e9es dans les champs suivants :\" class=\"avia_ajax_form av-form-labels-visible   avia-builder-el-3  avia-builder-el-no-sibling  av-show-form-errors   \" data-avia-form-id=\"1\" data-avia-redirect='' ><h3 class=''>Dites moi... \/ <em>Tell me...<\/em><\/h3><fieldset><p class='  first_form  form_element form_element_half' id='element_avia_1_1'><label for=\"avia_1_1\">Pr\u00e9nom(s) \/ <em>First name<\/em> <abbr class=\"required\" title=\"requis(e)\">*<\/abbr><\/label> <input name=\"avia_1_1\" class=\"text_input is_empty\" type=\"text\" id=\"avia_1_1\" value=\"\" \/><\/p><p class='  form_element form_element_half' id='element_avia_2_1'><label for=\"avia_2_1\">Nom \/ <em>Last name <\/em> <abbr class=\"required\" title=\"requis(e)\">*<\/abbr><\/label> <input name=\"avia_2_1\" class=\"text_input is_empty\" type=\"text\" id=\"avia_2_1\" value=\"\" \/><\/p><p class='  first_form  form_element form_element_half' id='element_avia_3_1'><label for=\"avia_3_1\">e-mail* <abbr class=\"required\" title=\"requis(e)\">*<\/abbr><\/label> <input name=\"avia_3_1\" class=\"text_input is_email\" type=\"text\" id=\"avia_3_1\" value=\"\" \/><\/p><p class='  form_element form_element_half' id='element_avia_4_1'><label for=\"avia_4_1\">Tel. <abbr class=\"required\" title=\"requis(e)\">*<\/abbr><\/label> <input name=\"avia_4_1\" class=\"text_input is_phone\" type=\"text\" id=\"avia_4_1\" value=\"\" \/><\/p><p class='  first_form  form_element form_fullwidth' id='element_avia_5_1'><label for=\"avia_5_1\">Sujet \/ <em>Subjet<\/em> <abbr class=\"required\" title=\"requis(e)\">*<\/abbr><\/label> <input name=\"avia_5_1\" class=\"text_input is_empty\" type=\"text\" id=\"avia_5_1\" value=\"\" \/><\/p><p class='  first_form  form_element form_fullwidth' id='element_avia_6_1'><label for=\"avia_6_1\" class=\"textare_label hidden textare_label_avia_6_1\">Message <abbr class=\"required\" title=\"requis(e)\">*<\/abbr><\/label><textarea  name=\"avia_6_1\" class=\"text_area is_empty\" cols=\"40\" rows=\"7\" id=\"avia_6_1\" ><\/textarea><\/p><p class='  first_form  form_element form_fullwidth' id='element_avia_7_1'><input checked=\"checked\" name=\"avia_7_1\" class=\"input_checkbox \" type=\"checkbox\" id=\"avia_7_1\" value=\"true\"\/><label class=\"input_checkbox_label\" for=\"avia_7_1\"><small>Vous acceptez que vos informations soient utilis\u00e9es pour vous recontacter \/ <em>You agree that your information will be used to contact you.<\/em><\/small><\/label><\/p><p class=\"hidden\"><input type=\"text\" name=\"avia_8_1\" class=\"hidden \" id=\"avia_8_1\" value=\"\" \/><\/p><div id='avia_9_1' class='av-recaptcha-area  first_form  form_element form_fullwidth '  data-container_class=\"\" data-custom_class=\"\" data-context=\"av_contact_form\" data-token_input=\"av_recaptcha_token\" data-version=\"avia_recaptcha_v2\" data-theme=\"dark\" data-size=\"normal\" data-score=\"0.5\" data-text_to_preview=\"\" data-value=\"\"><div class=\"av-google-badge-message hidden\">Ce site est prot\u00e9g\u00e9 par reCAPTCHA et la <a href=\"https:\/\/policies.google.com\/privacy\">politique de confidentialit\u00e9<\/a> de Google et <a href=\"https:\/\/policies.google.com\/terms\">leur conditions d\u2019utilisation<\/a> s\u2019appliquent.<\/div><\/div><p class=\"form_element \"><input type=\"hidden\" value=\"1\" name=\"avia_generated_form1\" \/><input type=\"submit\" value=\"Envoyer \/ Send\" class=\"button\"  data-sending-label=\"Envoi\"\/><\/p><\/fieldset><div class=\"avia-disabled-form\">Ce formulaire est d\u00e9sactiv\u00e9 dans la mesure o\u00f9 vous refusez d\u2019accepter le service Google reCAPTCHA n\u00e9cessaire pour valider toute exp\u00e9dition de message depuis celui-ci.<\/div><\/form><div id=\"ajaxresponse_1\" class=\"ajaxresponse ajaxresponse_1 hidden\"><\/div><\/div>\n<style type=\"text\/css\" data-created_by=\"avia_inline_auto\" id=\"style-css-av-15xe0-2395d16abd35030e92381eb0e5f5b010\">\n.flex_column.av-15xe0-2395d16abd35030e92381eb0e5f5b010{\nborder-radius:0px 0px 0px 0px;\npadding:0px 0px 0px 0px;\n}\n<\/style>\n<div  class='flex_column av-15xe0-2395d16abd35030e92381eb0e5f5b010 av_one_fourth  avia-builder-el-4  el_after_av_one_half  avia-builder-el-last  flex_column_div av-zero-column-padding  '     ><\/div><\/p>\n","protected":false},"excerpt":{"rendered":"","protected":false},"author":2,"featured_media":0,"parent":0,"menu_order":0,"comment_status":"closed","ping_status":"closed","template":"","meta":{"_acf_changed":false,"_mc_calendar":[],"footnotes":""},"class_list":["post-68","page","type-page","status-publish","hentry"],"acf":[],"_links":{"self":[{"href":"https:\/\/m-zed.com\/z01\/wp-json\/wp\/v2\/pages\/68","targetHints":{"allow":["GET"]}}],"collection":[{"href":"https:\/\/m-zed.com\/z01\/wp-json\/wp\/v2\/pages"}],"about":[{"href":"https:\/\/m-zed.com\/z01\/wp-json\/wp\/v2\/types\/page"}],"author":[{"embeddable":true,"href":"https:\/\/m-zed.com\/z01\/wp-json\/wp\/v2\/users\/2"}],"replies":[{"embeddable":true,"href":"https:\/\/m-zed.com\/z01\/wp-json\/wp\/v2\/comments?post=68"}],"version-history":[{"count":3,"href":"https:\/\/m-zed.com\/z01\/wp-json\/wp\/v2\/pages\/68\/revisions"}],"predecessor-version":[{"id":1355,"href":"https:\/\/m-zed.com\/z01\/wp-json\/wp\/v2\/pages\/68\/revisions\/1355"}],"wp:attachment":[{"href":"https:\/\/m-zed.com\/z01\/wp-json\/wp\/v2\/media?parent=68"}],"curies":[{"name":"wp","href":"https:\/\/api.w.org\/{rel}","templated":true}]}}