{"id":1157,"date":"2022-11-14T16:22:33","date_gmt":"2022-11-14T15:22:33","guid":{"rendered":"https:\/\/m-zed.com\/z01\/?page_id=1157"},"modified":"2022-11-14T16:22:33","modified_gmt":"2022-11-14T15:22:33","slug":"qui-suis-je","status":"publish","type":"page","link":"https:\/\/m-zed.com\/z01\/qui-suis-je\/","title":{"rendered":"Qui suis-je ?"},"content":{"rendered":"<div id='av_section_1'  class='avia-section av-10phz-14e4ec245f65fb54d917031e09e556a0 main_color avia-section-default avia-no-border-styling  avia-builder-el-0  el_before_av_one_half  avia-builder-el-first  avia-bg-style-scroll container_wrap sidebar_left'  ><div class='container av-section-cont-open' ><main  role=\"main\" itemprop=\"mainContentOfPage\"  class='template-page content  av-content-small units'><div class='post-entry post-entry-type-page post-entry-1157'><div class='entry-content-wrapper clearfix'>\n<div class='flex_column_table av-1ps1n-71eefea85d3433fbca1903a7ca27d315 sc-av_one_half av-equal-height-column-flextable'>\n<style type=\"text\/css\" data-created_by=\"avia_inline_auto\" id=\"style-css-av-1ps1n-71eefea85d3433fbca1903a7ca27d315\">\n#top .flex_column_table.av-equal-height-column-flextable.av-1ps1n-71eefea85d3433fbca1903a7ca27d315{\nmargin-top:0px;\nmargin-bottom:0px;\n}\n.flex_column.av-1ps1n-71eefea85d3433fbca1903a7ca27d315{\nborder-radius:0px 0px 0px 0px;\npadding:0px 0px 0px 0px;\n}\n<\/style>\n<div  class='flex_column av-1ps1n-71eefea85d3433fbca1903a7ca27d315 av_one_half  avia-builder-el-1  el_before_av_one_half  avia-builder-el-first  first flex_column_table_cell av-equal-height-column av-align-top av-zero-column-padding  '     ><p><section  class='av_textblock_section av-kch0tnqc-b3bac9c6b6b062c53c59ead14818475b '   itemscope=\"itemscope\" itemtype=\"https:\/\/schema.org\/CreativeWork\" ><div class='avia_textblock'  itemprop=\"text\" ><div class=\"eds-animate edsanimate-sis-hidden \" data-eds-entry-animation=\"bounceInUp\" data-eds-entry-delay=\"0\" data-eds-entry-duration=\"2\" data-eds-entry-timing=\"cubic-bezier(0.86, 0, 0.07, 1)\" data-eds-exit-animation=\"\" data-eds-exit-delay=\"\" data-eds-exit-duration=\"\" data-eds-exit-timing=\"\" data-eds-repeat-count=\"1\" data-eds-keep=\"yes\" data-eds-animate-on=\"scroll\" data-eds-scroll-offset=\"25\">\n<h2>Quand tout commence&#8230;<\/h2>\n<h3><span style=\"color: #33cccc;\"><strong>Visions nocturnes<\/strong><\/span><\/h3>\n<p>C&rsquo;est avec l\u2019\u00e9v\u00e9nementiel et la musique que tout commence.<br \/>\nAu d\u00e9but des 90&rsquo;s, les nouveaux outils informatiques (<em>Photoshop, Cubase&#8230;<\/em>) favorisent le d\u00e9veloppement, presque synchronis\u00e9, de l&rsquo;infographie et des musiques \u00e9lectroniques. Accompagnant ce tsunami culturel, une d\u00e9ferlante de flyers de soir\u00e9e arrive..<br \/>\nJe suis, donc, abreuv\u00e9 de toute cette nouvelle com&rsquo; visuelle, \u00e9mise par la sc\u00e8ne Belge.<\/p>\n<p>Tr\u00e8s curieux de nature, j&rsquo;ai toujours \u00e9t\u00e9 attir\u00e9 par le nouveau, le diff\u00e9rent, la d\u00e9couverte.<br \/>\nTant en arts graphiques qu&rsquo;en musique&#8230; Et surtout en musique, je l&rsquo;avoue. L&rsquo;<em>underground<\/em>, inconnu et accessible la fois.<\/p>\n<p>Mes fr\u00e9quentations d&rsquo;alors sont \u00e9tudiants plasticiens, DJ, performers, professionnels du spectacle&#8230;<br \/>\nMes sorties et mes contributions r\u00e9guli\u00e8res dans l&rsquo;\u00e9v\u00e9nementiel contribuent \u00e0 ma participation dans la naissance d&rsquo;un collectif culturel, autours des musiques \u00e9lectroniques.<\/p>\n<\/div>\n<\/div><\/section><br \/>\n\n<style type=\"text\/css\" data-created_by=\"avia_inline_auto\" id=\"style-css-av-laahmhd2-c219e5cbe0f7d3a57fabe584830d02ac\">\n#top .hr.hr-invisible.av-laahmhd2-c219e5cbe0f7d3a57fabe584830d02ac{\nheight:100px;\n}\n<\/style>\n<div  class='hr av-laahmhd2-c219e5cbe0f7d3a57fabe584830d02ac hr-invisible  avia-builder-el-3  el_after_av_textblock  el_before_av_button '><span class='hr-inner '><span class=\"hr-inner-style\"><\/span><\/span><\/div><br \/>\n<div  class='avia-button-wrap av-26yy7-fd281733d387431c426fe0a192e204fc-wrap avia_animated_button av-animated-when-visible-95 pop-up avia-button-center  avia-builder-el-4  el_after_av_hr  avia-builder-el-last '>\n<style type=\"text\/css\" data-created_by=\"avia_inline_auto\" id=\"style-css-av-26yy7-fd281733d387431c426fe0a192e204fc\">\n@keyframes av_sonarEffect_av-26yy7-fd281733d387431c426fe0a192e204fc {\n  0% {opacity: 0.3;}\n 40% {opacity: 0.5; box-shadow: 0 0 0 2px rgba(255,255,255,0.1), 0 0 10px 10px #ffffff, 0 0 0 10px rgba(255,255,255,0.5);}\n100% {opacity: 0; box-shadow: 0 0 0 2px rgba(255,255,255,0.1), 0 0 10px 10px #ffffff, 0 0 0 10px rgba(255,255,255,0.5); transform: scale(1.5);}\n}\n#top #wrap_all .avia-button.av-26yy7-fd281733d387431c426fe0a192e204fc{\nfont-size:24px;\nborder-style:solid;\nborder-width:1px 1px 1px 1px;\nborder-color:#5e5e5e;\nborder-radius:5px 5px 5px 5px;\nbox-shadow:none;\ntransition:all 0.4s ease-in-out;\n}\n#top #wrap_all .avia-button.av-26yy7-fd281733d387431c426fe0a192e204fc:hover{\nbackground-color:black;\ncolor:white;\ntransition:all 0.4s ease-in-out;\n}\n#top #wrap_all.avia-button.av-26yy7-fd281733d387431c426fe0a192e204fc:hover .avia_button_background{\nborder-radius:5px 5px 5px 5px;\n}\n.avia-button.av-26yy7-fd281733d387431c426fe0a192e204fc.avia-sonar-shadow:after{\nborder-radius:5px 5px 5px 5px;\n}\n.avia-button.av-26yy7-fd281733d387431c426fe0a192e204fc.avia-sonar-shadow:hover:after{\nanimation:av_sonarEffect_av-26yy7-fd281733d387431c426fe0a192e204fc 1s ease-in-out;\n}\n#top #wrap_all .avia-button.av-26yy7-fd281733d387431c426fe0a192e204fc:hover .avia-svg-icon svg:first-child{\nfill:white;\nstroke:white;\n}\n<\/style>\n<a href='https:\/\/m-zed.com\/z01\/vizionz\/'  class='avia-button av-26yy7-fd281733d387431c426fe0a192e204fc av-link-btn avia-icon_select-yes-right-icon avia-size-large avia-position-center av-icon-on-hover avia-color-dark avia-font-color-silver avia-sonar-shadow'  title=\"Voir plus ...\" aria-label=\"Voir plus ...\"><span class='avia_iconbox_title' >VIZIONZ<\/span><span class='avia_button_icon avia_button_icon_right avia-iconfont avia-font-entypo-fontello' data-av_icon='\ue87d' data-av_iconfont='entypo-fontello' ><\/span><\/a><\/div><\/p><\/div><div class='av-flex-placeholder'><\/div>\n<style type=\"text\/css\" data-created_by=\"avia_inline_auto\" id=\"style-css-av-7bf5f-500afa409117d2c6b7320af5e32b5e39\">\n#top .flex_column_table.av-equal-height-column-flextable.av-7bf5f-500afa409117d2c6b7320af5e32b5e39{\nmargin-top:0px;\nmargin-bottom:0px;\n}\n.flex_column.av-7bf5f-500afa409117d2c6b7320af5e32b5e39{\nborder-radius:0px 0px 0px 0px;\npadding:150px 0px 0px 0px;\n}\n<\/style>\n<div  class='flex_column av-7bf5f-500afa409117d2c6b7320af5e32b5e39 av_one_half  avia-builder-el-5  el_after_av_one_half  avia-builder-el-last  flex_column_table_cell av-equal-height-column av-align-top av-animated-generic pop-up  '     ><p>\n<style type=\"text\/css\" data-created_by=\"avia_inline_auto\" id=\"style-css-av-ka6zufvy-9fbd9426c6cd46c3e9100b14715ae324\">\n.avia_transform .avia-image-container.av-ka6zufvy-9fbd9426c6cd46c3e9100b14715ae324{\nanimation-duration:2s;\n}\n.avia-image-container.av-ka6zufvy-9fbd9426c6cd46c3e9100b14715ae324 img.avia_image{\nbox-shadow:none;\n}\n.avia-image-container.av-ka6zufvy-9fbd9426c6cd46c3e9100b14715ae324 .av-image-caption-overlay-center{\ncolor:#ffffff;\n}\n<\/style>\n<div  class='avia-image-container av-ka6zufvy-9fbd9426c6cd46c3e9100b14715ae324 av-styling- avia_animated_image av-animated-when-visible-95 fade-in avia-align-center  avia-builder-el-6  el_before_av_textblock  avia-builder-el-first '   itemprop=\"image\" itemscope=\"itemscope\" itemtype=\"https:\/\/schema.org\/ImageObject\" ><div class=\"avia-image-container-inner\"><div class=\"avia-image-overlay-wrap\"><img decoding=\"async\" fetchpriority=\"high\" class='wp-image-97 avia-img-lazy-loading-not-97 avia_image ' src=\"https:\/\/m-zed.com\/z01\/wp-content\/uploads\/2019\/09\/MZED_WAVE.png\" alt='M.Zed Logo' title='MZED_WAVE'  height=\"142\" width=\"340\"  itemprop=\"thumbnailUrl\" srcset=\"https:\/\/m-zed.com\/z01\/wp-content\/uploads\/2019\/09\/MZED_WAVE.png 340w, https:\/\/m-zed.com\/z01\/wp-content\/uploads\/2019\/09\/MZED_WAVE-300x125.png 300w\" sizes=\"(max-width: 340px) 100vw, 340px\" \/><\/div><\/div><\/div><br \/>\n<section  id=\"introduction\"  class='av_textblock_section av-117bn-d595cdcab27e7bd850ef81ca16b5d8f4 '   itemscope=\"itemscope\" itemtype=\"https:\/\/schema.org\/CreativeWork\" ><div class='avia_textblock'  itemprop=\"text\" ><div class=\"eds-animate edsanimate-sis-hidden \" data-eds-entry-animation=\"bounceInUp\" data-eds-entry-delay=\"0\" data-eds-entry-duration=\"2\" data-eds-entry-timing=\"cubic-bezier(0.86, 0, 0.07, 1)\" data-eds-exit-animation=\"\" data-eds-exit-delay=\"\" data-eds-exit-duration=\"\" data-eds-exit-timing=\"\" data-eds-repeat-count=\"1\" data-eds-keep=\"yes\" data-eds-animate-on=\"scroll\" data-eds-scroll-offset=\"25\">\n<h2>Graphic<\/h2>\n<h3><span style=\"color: #33cccc;\"><strong>Do It Yourself<\/strong><\/span><\/h3>\n<p>La promotion de nos activit\u00e9s et le manque de moyens, provoque mes premiers contact avec l&rsquo;infographie. Trainer avec des \u00e9tudiants en arts plastiques sera le second facteur car gr\u00e2ce \u00e0 eux, je touche \u00e0 Photoshop (<em>vers. 3.0<\/em>). C&rsquo;est le d\u00e9clencheur !<\/p>\n<p>D&rsquo;organisations de soir\u00e9es, en animations d&rsquo;\u00e9mission de radio (<em>locale<\/em>), les conceptions graphiques, encore balbutiantes et laborieuses, se multiplient n\u00e9anmoins. Progressivement, quelques sollicitations priv\u00e9es et la satisfaction des demandeurs, pour les visuels cr\u00e9\u00e9s, me confortent dans la voie.<\/p>\n<p>D\u00e9bute un apprentissage personnel, avec patience et pers\u00e9v\u00e9rance (<em>rappel : Internet d\u00e9butait aussi, peu de ressources, pas de tutos&#8230;<\/em>).<\/p>\n<p>Une profonde motivation et une obstination quasi quotidienne m&rsquo;ont permis d\u2019acqu\u00e9rir connaissance, style et technique.<br \/>\nReste le plus difficile : faire ses preuves, monter son book et &#8230; trouver un job.<br \/>\nEncourag\u00e9 par des commer\u00e7ants et autres professionnels, une d\u00e9cision s&rsquo;impose alors : cr\u00e9er Mon Job !<\/p>\n<h3><span style=\"color: #33cccc;\"><strong>Free-lance depuis 2003<\/strong><\/span><\/h3>\n<p>Aujourd&rsquo;hui encore, je d\u00e9couvre, j&rsquo;apprends et me perfectionne. L&rsquo;\u00e9volution est continue.<\/p>\n<p>Ayant \u00e0 fournir des visuels pour le milieu de la nuit \u00e0 mes d\u00e9buts, j&rsquo;ai progressivement produit, plus largement, des cr\u00e9ations pour diff\u00e9rents secteurs tels que le commerce, l&rsquo;immobilier, les services, l&rsquo;industrie, l&rsquo;artisanat, la restauration &#8230;<\/p>\n<p>Pratiquer le graphisme pour ces professionnels est tr\u00e8s passionnant. Cette diversit\u00e9 de savoirs est une mine de richesses. Je rappelle que je suis curieux de tout. D\u00e9couvrir des m\u00e9tiers, des process, r\u00e9pondre \u00e0 des probl\u00e9matiques particuli\u00e8res, avec des publics \u00e0 toucher tout aussi vari\u00e9s, entraine une gymnastique c\u00e9r\u00e9brale tr\u00e8s stimulante.<br \/>\nEt si certains domaines ou projets n&rsquo;ont pas votre affinit\u00e9, il faut prendre du recul, analyser le sujet et y apporter le savoir-faire attendu.<\/p>\n<p>Chaque besoin est semblable \u00e0 un d\u00e9fi. Chaque commande exige rigueur et engouement.<br \/>\nR\u00e9pondre parfaitement aux attentes est, \u00e0 chaque fois, une r\u00e9elle satisfaction. Celle du client n&rsquo;a pas de prix.<\/p>\n<p>Depuis, l&rsquo;exp\u00e9rience et le temps faisant leur affaire, il m&rsquo;apparait plus qu&rsquo;\u00e9vident de devoir contribuer \u00e0 la rel\u00e8ve.<br \/>\nTransmettre la connaissance du m\u00e9tier et monter en comp\u00e9tence les aspirants graphistes.<br \/>\nMalgr\u00e9 le d\u00e9coupage des m\u00e9tiers de notre secteur (<em>Print\/Digital\/Social\/UX\/UI etc&#8230;<\/em>), il est important de penser Cr\u00e9ation \u00e0 360\u00b0.<br \/>\nC&rsquo;est pourquoi je suis aussi formateur en Visual Design\/Web Design.<\/p>\n<p>Mon exp\u00e9rience est mon patrimoine. Je le mets \u00e0 votre service avec passion.<\/p>\n<\/div>\n<\/div><\/section><\/p><\/div><\/div><!--close column table wrapper. Autoclose: 1 --><\/div><\/div><\/main><!-- close content main element --><\/div><\/div><div id='after_section_1'  class='main_color av_default_container_wrap container_wrap sidebar_left'  ><div class='container av-section-cont-open' ><div class='template-page content  av-content-small units'><div class='post-entry post-entry-type-page post-entry-1157'><div class='entry-content-wrapper clearfix'>\n<style type=\"text\/css\" data-created_by=\"avia_inline_auto\" id=\"style-css-av-o063-42b1ac94bc8f286a365e35bdd7d71e9d\">\n.flex_column.av-o063-42b1ac94bc8f286a365e35bdd7d71e9d{\nborder-radius:0px 0px 0px 0px;\npadding:0px 0px 0px 0px;\n}\n<\/style>\n<div  class='flex_column av-o063-42b1ac94bc8f286a365e35bdd7d71e9d av_one_half  avia-builder-el-8  el_after_av_section  el_before_av_codeblock  avia-builder-el-first  first flex_column_div av-zero-column-padding  '     ><section  id=\"introduction\"  class='av_textblock_section av-ukz3-23-cd3775b80c2231b6fcba97a1d7096581 '   itemscope=\"itemscope\" itemtype=\"https:\/\/schema.org\/CreativeWork\" ><div class='avia_textblock'  itemprop=\"text\" ><div class=\"eds-animate edsanimate-sis-hidden \" data-eds-entry-animation=\"bounceInUp\" data-eds-entry-delay=\"1.5\" data-eds-entry-duration=\"2\" data-eds-entry-timing=\"ease-in-out\" data-eds-exit-animation=\"\" data-eds-exit-delay=\"\" data-eds-exit-duration=\"\" data-eds-exit-timing=\"\" data-eds-repeat-count=\"1\" data-eds-keep=\"yes\" data-eds-animate-on=\"scroll\" data-eds-scroll-offset=\"25\">\n<h2>Muzic<\/h2>\n<p>Soon&#8230;<br \/>\nas all the rest!<\/p>\n<p>See U !<\/p>\n<p>MZ<\/p>\n<\/div>\n<\/div><\/section><\/div><\/p>\n\n","protected":false},"excerpt":{"rendered":"","protected":false},"author":2,"featured_media":0,"parent":0,"menu_order":0,"comment_status":"closed","ping_status":"closed","template":"","meta":{"_acf_changed":false,"_mc_calendar":[],"footnotes":""},"class_list":["post-1157","page","type-page","status-publish","hentry"],"acf":[],"_links":{"self":[{"href":"https:\/\/m-zed.com\/z01\/wp-json\/wp\/v2\/pages\/1157","targetHints":{"allow":["GET"]}}],"collection":[{"href":"https:\/\/m-zed.com\/z01\/wp-json\/wp\/v2\/pages"}],"about":[{"href":"https:\/\/m-zed.com\/z01\/wp-json\/wp\/v2\/types\/page"}],"author":[{"embeddable":true,"href":"https:\/\/m-zed.com\/z01\/wp-json\/wp\/v2\/users\/2"}],"replies":[{"embeddable":true,"href":"https:\/\/m-zed.com\/z01\/wp-json\/wp\/v2\/comments?post=1157"}],"version-history":[{"count":1,"href":"https:\/\/m-zed.com\/z01\/wp-json\/wp\/v2\/pages\/1157\/revisions"}],"predecessor-version":[{"id":1158,"href":"https:\/\/m-zed.com\/z01\/wp-json\/wp\/v2\/pages\/1157\/revisions\/1158"}],"wp:attachment":[{"href":"https:\/\/m-zed.com\/z01\/wp-json\/wp\/v2\/media?parent=1157"}],"curies":[{"name":"wp","href":"https:\/\/api.w.org\/{rel}","templated":true}]}}